{"id":252,"date":"2022-02-06T10:21:37","date_gmt":"2022-02-06T10:21:37","guid":{"rendered":"http:\/\/sabrinagoerlitz.de\/?page_id=252"},"modified":"2024-03-15T16:34:08","modified_gmt":"2024-03-15T16:34:08","slug":"vorgehensweise","status":"publish","type":"page","link":"https:\/\/storycare.de\/?page_id=252","title":{"rendered":"VORGEHEN"},"content":{"rendered":"\n<div class=\"wp-block-columns is-layout-flex wp-container-core-columns-is-layout-9d6595d7 wp-block-columns-is-layout-flex\">\n<div class=\"wp-block-column is-layout-flow wp-block-column-is-layout-flow\">\n<p>Der erste Hinweis kommt aus dem Team der Palliativstation oder des Hospizes; inzwischen kennen sie meine Arbeit dort so gut, dass sie ein feines Gesp\u00fcr daf\u00fcr haben, wer besonders von der Anfertigung einer Palligrafie profitieren k\u00f6nnte.&nbsp;<\/p>\n<\/div>\n\n\n\n<div class=\"wp-block-column is-layout-flow wp-block-column-is-layout-flow\">\n<figure class=\"wp-block-image size-full is-resized\"><img loading=\"lazy\" decoding=\"async\" width=\"800\" height=\"808\" src=\"http:\/\/sabrinagoerlitz.de\/wp-content\/uploads\/2022\/02\/vorgehen.png\" alt=\"\" class=\"wp-image-258\" style=\"width:319px;height:auto\" srcset=\"https:\/\/storycare.de\/wp-content\/uploads\/2022\/02\/vorgehen.png 800w, https:\/\/storycare.de\/wp-content\/uploads\/2022\/02\/vorgehen-297x300.png 297w, https:\/\/storycare.de\/wp-content\/uploads\/2022\/02\/vorgehen-768x776.png 768w, https:\/\/storycare.de\/wp-content\/uploads\/2022\/02\/vorgehen-100x100.png 100w\" sizes=\"auto, (max-width: 767px) 89vw, (max-width: 1000px) 54vw, (max-width: 1071px) 543px, 580px\" \/><\/figure>\n<\/div>\n<\/div>\n\n\n\n<p>Bei einem ersten Kennenlernen stelle ich dem erkrankten Menschen dann mich und mein Angebot vor. Wenn er oder sie Lust hat, mitzumachen, verabreden wir uns f\u00fcr das Interviewgespr\u00e4ch. Das klingt so formell, aber eigentlich ist das \u201enur\u201c ein wahrhaftiges Gespr\u00e4ch zwischen zwei sterblichen Menschen, f\u00fcr das sich keiner von beiden vorbereiten muss. Dieses Gespr\u00e4ch dauert erfahrungsgem\u00e4\u00df etwa eine Stunde und wird mittels eines Aufnahmeger\u00e4ts aufgezeichnet.<\/p>\n\n\n\n<p>Anschlie\u00dfend verschriftliche ich die Erz\u00e4hlung, ordne sie chronologisch oder thematisch und versehe sie mit \u00dcberschriften. Ganz wichtig: Ich ver\u00e4ndere den Wortlaut nicht, es geht an dieser Stelle nicht darum, ein literarisches Meisterwerk zu schaffen, sondern ein Papier, auf dem die An- und Zugeh\u00f6rigen ihren geliebten Menschen wieder erkennen und sagen: \u201eJa, genauso hat er\/sie immer gesprochen. Typisch!\u201c<\/p>\n\n\n\n<p>Bei unserem n\u00e4chsten Treffen lese ich diesen Entwurf dann in aller Ruhe vor. Das ist immer ein besonderer Mensch f\u00fcr uns beide, in der sich die ganze Kraft und auch die Magie der Palligrafie entfalten darf. Sollten sich im Anschluss noch \u00c4nderungs- oder Erg\u00e4nzungsw\u00fcnsche ergeben, werde ich diese anschlie\u00dfend einarbeiten.<\/p>\n\n\n\n<p>Bei diesem Termin besprechen wir auch, wie das Titelblatt aussehen soll und wie viele Exemplare gedruckt werden sollen. Auf diese Weise entsteht ein ganz pers\u00f6nliches Schriftst\u00fcck f\u00fcr Familie oder Freunde, welches ich beim vierten und letzten Termin in gew\u00fcnschter Anzahl in einer dekorativen Sammelmappe \u00fcbergebe. Wann und wie der Verfasser das Dokument an seine Liebsten \u00fcberreichen m\u00f6chte, entscheidet er oder sie nat\u00fcrlich selbst. Manche entscheiden sich ganz bewusst, noch zu Lebzeiten mit ihren Lieben gemeinsam darin zu lesen, andere m\u00f6chten, dass diese erst nach ihrem Tod davon erfahren.<\/p>\n\n\n\n<p>In jedem Fall versuche ich immer, das ganze Projekt binnen einer Woche abzuschlie\u00dfen \u2013 in dringenden Umst\u00e4nden kann dieser Zeitrahmen auch angepasst werden.<\/p>\n\n\n\n<p>PS: Der Schutz aller pers\u00f6nlichen Daten ist selbstverst\u00e4ndlich. Die Audiodatei wird ausschlie\u00dflich f\u00fcr den vereinbarten Zweck verwendet und nach der Verschriftlichung gel\u00f6scht.<\/p>\n","protected":false},"excerpt":{"rendered":"<p>Der erste Hinweis kommt aus dem Team der Palliativstation oder des Hospizes; inzwischen kennen sie meine Arbeit dort so gut, dass sie ein feines Gesp\u00fcr daf\u00fcr haben, wer besonders von der Anfertigung einer Palligrafie profitieren k\u00f6nnte.&nbsp; Bei einem ersten Kennenlernen stelle ich dem erkrankten Menschen dann mich und mein Angebot vor. Wenn er oder sie &hellip; <\/p>\n<p class=\"link-more\"><a href=\"https:\/\/storycare.de\/?page_id=252\" class=\"more-link\"><span class=\"screen-reader-text\">\u201eVORGEHEN\u201c <\/span>weiterlesen<\/a><\/p>\n","protected":false},"author":1,"featured_media":0,"parent":0,"menu_order":0,"comment_status":"closed","ping_status":"closed","template":"","meta":{"footnotes":""},"class_list":["post-252","page","type-page","status-publish","hentry"],"_links":{"self":[{"href":"https:\/\/storycare.de\/index.php?rest_route=\/wp\/v2\/pages\/252","targetHints":{"allow":["GET"]}}],"collection":[{"href":"https:\/\/storycare.de\/index.php?rest_route=\/wp\/v2\/pages"}],"about":[{"href":"https:\/\/storycare.de\/index.php?rest_route=\/wp\/v2\/types\/page"}],"author":[{"embeddable":true,"href":"https:\/\/storycare.de\/index.php?rest_route=\/wp\/v2\/users\/1"}],"replies":[{"embeddable":true,"href":"https:\/\/storycare.de\/index.php?rest_route=%2Fwp%2Fv2%2Fcomments&post=252"}],"version-history":[{"count":15,"href":"https:\/\/storycare.de\/index.php?rest_route=\/wp\/v2\/pages\/252\/revisions"}],"predecessor-version":[{"id":493,"href":"https:\/\/storycare.de\/index.php?rest_route=\/wp\/v2\/pages\/252\/revisions\/493"}],"wp:attachment":[{"href":"https:\/\/storycare.de\/index.php?rest_route=%2Fwp%2Fv2%2Fmedia&parent=252"}],"curies":[{"name":"wp","href":"https:\/\/api.w.org\/{rel}","templated":true}]}}