{"id":11,"date":"2018-09-16T13:54:10","date_gmt":"2018-09-16T13:54:10","guid":{"rendered":"http:\/\/sabrinagoerlitz.de\/?page_id=11"},"modified":"2026-04-19T09:05:38","modified_gmt":"2026-04-19T09:05:38","slug":"ueber-mich","status":"publish","type":"page","link":"https:\/\/storycare.de\/","title":{"rendered":"\u00dcBER MICH"},"content":{"rendered":"\n<p><strong>Sabrina G\u00f6rlitz<\/strong><\/p>\n\n\n\n<div class=\"wp-block-columns is-layout-flex wp-container-core-columns-is-layout-9d6595d7 wp-block-columns-is-layout-flex\">\n<div class=\"wp-block-column is-layout-flow wp-block-column-is-layout-flow\">\n<p>Ich bin die Entwicklerin und Namensgeberin der\u00a0<em>Palligrafie\u00a0<\/em>\u2013 eine besondere Form der Biografiearbeit am Lebensende und eine narrative Adaption der W\u00fcrde-Therapie nach Chochinov. Ich habe sie um Bausteine aus dem klassischen Storytelling erweitert, um Lebenskreise behutsam zu schlie\u00dfen und auf diese Weise das Koh\u00e4renzgef\u00fchl palliativ erkrankter Menschen zu st\u00e4rken.\u00a0<\/p>\n\n\n\n<p>Nicht immer k\u00f6nnen wir \u201eselbstbestimmt\u201c sterben \u2013 aber vielleicht s<em>elbstwirksam<\/em>\u00a0und in\u00a0<em>\u00dcbereinstimmung\u00a0<\/em>mit uns selbst. Das Erz\u00e4hlen, Reflektieren und Festhalten der eigenen Lebensgeschichte im Angesicht des nahenden Todes kann dabei ein entscheidender Faktor sein.<\/p>\n<\/div>\n\n\n\n<div class=\"wp-block-column is-layout-flow wp-block-column-is-layout-flow\">\n<figure class=\"wp-block-image size-large\"><img loading=\"lazy\" decoding=\"async\" width=\"768\" height=\"1024\" src=\"https:\/\/storycare.de\/wp-content\/uploads\/2026\/04\/Bild-768x1024.jpg\" alt=\"\" class=\"wp-image-744\" srcset=\"https:\/\/storycare.de\/wp-content\/uploads\/2026\/04\/Bild-768x1024.jpg 768w, https:\/\/storycare.de\/wp-content\/uploads\/2026\/04\/Bild-225x300.jpg 225w, https:\/\/storycare.de\/wp-content\/uploads\/2026\/04\/Bild-1152x1536.jpg 1152w, https:\/\/storycare.de\/wp-content\/uploads\/2026\/04\/Bild-1536x2048.jpg 1536w, https:\/\/storycare.de\/wp-content\/uploads\/2026\/04\/Bild.jpg 1920w\" sizes=\"auto, (max-width: 767px) 89vw, (max-width: 1000px) 54vw, (max-width: 1071px) 543px, 580px\" \/><\/figure>\n<\/div>\n<\/div>\n\n\n\n<p>Dar\u00fcber hinaus gibt die Palligrafie den teilnehmenden Menschen die M\u00f6glichkeit, ein Generativit\u00e4tsdokument f\u00fcr ihre Familie oder Freund*innen zu hinterlassen.<\/p>\n\n\n\n<p><strong>Meine Geschichte<\/strong><\/p>\n\n\n\n<p>Ich wurde im Herzen von Schleswig-Holstein geboren, und bis heute bin ich am liebsten da, wo das Meer nicht weit ist. Nach meinem Journalismus und Medienkommunikations-Studium in Hamburg zog ich f\u00fcr ein paar Jahre in meine Herzensheimat Dublin, wo ich als Projektkoordinatorin f\u00fcr die Irische Krebs Gesellschaft t\u00e4tig war. Irland ist das Land der Storyteller \u2013 und auch ich liebe Geschichten, vor allem die, die das Sterben schreibt.&nbsp;<\/p>\n\n\n\n<p>Sterben und Tod haben mich von klein auf an gleicherma\u00dfen ge\u00e4ngstigt und fasziniert. R\u00fcckblickend h\u00e4tte ich mir so etwas wie \u201eSterbekunde\u201c als Schulfach gew\u00fcnscht, in jedem Fall einen offeneren Umgang mit unserer Verg\u00e4nglichkeit. Ich h\u00e4tte gern einen Mentor oder eine Mentorin gehabt, die mir in diesen Themen zur Seite steht, doch in unserer westlichen Kultur sind solche Menschen nur schwer zu finden.<\/p>\n\n\n\n<p>Als ich Mutter wurde, war mir klar, dass ich nun selbst in der Verantwortung stehe, dieser Mensch f\u00fcr mein Kind zu sein. Ich wollte meinem Sohn nicht nur bestm\u00f6glich auf das Leben vorbereiten, sondern auch auf das Sterben. Ich habe mich gefragt: Was kann ich jetzt, am Anfang seines Lebens tun, um ihn auf das Ende vorzubereiten?<\/p>\n\n\n\n<p>Um diese Frage beantworten zu k\u00f6nnen, bin ich seit 2019 als \u201ePalligrafin\u201c in Hamburger Kliniken und Hospizen unterwegs, um am Sterbebett mehr \u00fcber das Loslassen, das Festhalten, das Hierbleiben wollen und das Gehen k\u00f6nnen zu erfahren. Gemeinsam mit sterbenden Menschen schreibe ich Ihre Geschichten auf \u2013 ich lasse mir von ihnen erz\u00e4hlen, was im Angesicht des nahenden Todes wichtig f\u00fcr sie ist, woran sie glauben, worauf sie hoffen, und was von ihnen bleiben soll. Wir staunen gemeinsam \u00fcber das Wunder des Sterbens und versuchen Worte daf\u00fcr zu finden. Meistens hilft das uns beiden, ein bisschen weniger Angst davor zu haben, und daf\u00fcr ein bisschen neugieriger zu sein auf das, was kommt.<\/p>\n\n\n\n<p>Und wer wissen will, welche Antworten ich f\u00fcr meinen Sohn gefunden habe, und nicht nur f\u00fcr ihn \u2013 dann k\u00f6nnt ihr mein&nbsp;<a href=\"https:\/\/storycare.de\/?page_id=400\">Buch<\/a>&nbsp;lesen, oder es euch von mir bei&nbsp;<a href=\"https:\/\/www.audible.de\/pd\/Letzte-Gefuehle-Hoerbuch\/B0CKFMB63K?eac_link=V7OPKAVz4FD7&amp;ref=web_search_eac_asin_1&amp;eac_selected_type=asin&amp;eac_selected=B0CKFMB63K&amp;qid=wdZfWVq2Es&amp;eac_id=262-0780571-7764721_wdZfWVq2Es&amp;sr=1-1\" target=\"_blank\" rel=\"noreferrer noopener\">audible<\/a>&nbsp;vorlesen lassen.<\/p>\n","protected":false},"excerpt":{"rendered":"<p>Sabrina G\u00f6rlitz Ich bin die Entwicklerin und Namensgeberin der\u00a0Palligrafie\u00a0\u2013 eine besondere Form der Biografiearbeit am Lebensende und eine narrative Adaption der W\u00fcrde-Therapie nach Chochinov. Ich habe sie um Bausteine aus dem klassischen Storytelling erweitert, um Lebenskreise behutsam zu schlie\u00dfen und auf diese Weise das Koh\u00e4renzgef\u00fchl palliativ erkrankter Menschen zu st\u00e4rken.\u00a0 Nicht immer k\u00f6nnen wir \u201eselbstbestimmt\u201c &hellip; <\/p>\n<p class=\"link-more\"><a href=\"https:\/\/storycare.de\/\" class=\"more-link\"><span class=\"screen-reader-text\">\u201e\u00dcBER MICH\u201c <\/span>weiterlesen<\/a><\/p>\n","protected":false},"author":1,"featured_media":0,"parent":0,"menu_order":0,"comment_status":"closed","ping_status":"closed","template":"","meta":{"footnotes":""},"class_list":["post-11","page","type-page","status-publish","hentry"],"_links":{"self":[{"href":"https:\/\/storycare.de\/index.php?rest_route=\/wp\/v2\/pages\/11","targetHints":{"allow":["GET"]}}],"collection":[{"href":"https:\/\/storycare.de\/index.php?rest_route=\/wp\/v2\/pages"}],"about":[{"href":"https:\/\/storycare.de\/index.php?rest_route=\/wp\/v2\/types\/page"}],"author":[{"embeddable":true,"href":"https:\/\/storycare.de\/index.php?rest_route=\/wp\/v2\/users\/1"}],"replies":[{"embeddable":true,"href":"https:\/\/storycare.de\/index.php?rest_route=%2Fwp%2Fv2%2Fcomments&post=11"}],"version-history":[{"count":32,"href":"https:\/\/storycare.de\/index.php?rest_route=\/wp\/v2\/pages\/11\/revisions"}],"predecessor-version":[{"id":745,"href":"https:\/\/storycare.de\/index.php?rest_route=\/wp\/v2\/pages\/11\/revisions\/745"}],"wp:attachment":[{"href":"https:\/\/storycare.de\/index.php?rest_route=%2Fwp%2Fv2%2Fmedia&parent=11"}],"curies":[{"name":"wp","href":"https:\/\/api.w.org\/{rel}","templated":true}]}}