{"id":103,"date":"2020-03-21T10:50:27","date_gmt":"2020-03-21T10:50:27","guid":{"rendered":"http:\/\/sabrinagoerlitz.de\/?page_id=103"},"modified":"2020-03-21T10:50:27","modified_gmt":"2020-03-21T10:50:27","slug":"cookie-policy","status":"publish","type":"page","link":"https:\/\/storycare.de\/?page_id=103","title":{"rendered":"Cookie Policy"},"content":{"rendered":"<h3>Cookie Richtlinie<\/h3>\n<p>Diese Cookie-Richtlinie erkl\u00e4rt, was Cookies sind und wie wir sie verwenden. Sie sollten diese Richtlinie lesen, um zu verstehen, was Cookies sind, wie wir sie verwenden, welche Arten von Cookies wir verwenden, d.h. welche Informationen wir mit Hilfe von Cookies sammeln und wie diese Informationen verwendet werden und wie die Cookie-Pr\u00e4ferenzen gesteuert werden k\u00f6nnen. Weitere Informationen dar\u00fcber, wie wir Ihre pers\u00f6nlichen Daten verwenden, speichern und sicher aufbewahren, finden Sie in unserer Datenschutzrichtlinie.Sie k\u00f6nnen Ihre Zustimmung zur Cookie-Erkl\u00e4rung auf unserer Website jederzeit \u00e4ndern oder widerrufen.Weitere Informationen dar\u00fcber, wer wir sind, wie Sie uns kontaktieren k\u00f6nnen und wie wir pers\u00f6nliche Daten verarbeiten, finden Sie in unserer Datenschutzerkl\u00e4rung.Ihre Zustimmung gilt f\u00fcr die folgenden Bereiche: sabrinagoerlitz.de<div class=\"cli_user_consent_state\">Dein aktueller Status: Keine Einwilligung erteilt. <a class=\"cli_manage_current_consent\" style=\"cursor:pointer;text-decoration:underline;\">Verwalte deine Einwilligung<\/a> <\/div><\/p>\n<h3>Was sind Cookies?<\/h3>\n<p>Cookies sind kleine Textdateien, die zum Speichern kleiner Informationen verwendet werden. Die Cookies werden auf Ihrem Ger\u00e4t gespeichert, wenn die Website in Ihrem Browser geladen wird. Diese Cookies helfen uns, die Website ordnungsgem\u00e4\u00df zu betreiben, die Website sicherer zu machen, eine bessere Benutzererfahrung zu bieten und zu verstehen, wie die Website funktioniert und zu analysieren, was funktioniert und wo sie verbessert werden muss.<br \/>\nWie verwenden wir Cookies?Wie die meisten Online-Dienste verwendet unsere Website Cookies von Erstanbietern und Dritten f\u00fcr eine Reihe von Zwecken. Die First-Party-Cookies sind meistens notwendig, damit die Website richtig funktioniert, und sie sammeln keine Ihrer pers\u00f6nlichen Daten.<br \/>\nDie auf unseren Websites verwendeten Cookies von Dritten werden haupts\u00e4chlich dazu verwendet, um zu verstehen, wie die Website funktioniert, wie Sie mit unserer Website interagieren, unsere Dienste sicher zu machen, Werbung zu liefern, die f\u00fcr Sie relevant ist, und alles in allem Ihnen eine bessere und verbesserte Benutzererfahrung zu bieten und dazu beizutragen, Ihre zuk\u00fcnftigen Interaktionen mit unserer Website zu beschleunigen.<\/p>\n<h3>Welche Arten von Cookies verwenden wir?<\/h3>\n<p>Unverzichtbar: Einige Cookies sind unerl\u00e4sslich, damit Sie die volle Funktionalit\u00e4t unserer Website nutzen k\u00f6nnen. Sie erm\u00f6glichen es uns, Benutzersitzungen aufrechtzuerhalten und Sicherheitsbedrohungen zu verhindern. Sie sammeln oder speichern keine pers\u00f6nlichen Informationen. Diese Cookies erm\u00f6glichen es Ihnen zum Beispiel, sich in Ihr Konto einzuloggen und Produkte sicher in Ihren Warenkorb und zur Kasse zu legen.\u00a0Statistiken: Diese Cookies speichern Informationen wie die Anzahl der Besucher der Website, die Anzahl der einzelnen Besucher, welche Seiten der Website besucht wurden, die Quelle des Besuchs usw. Diese Daten helfen uns zu verstehen und zu analysieren, wie gut die Website funktioniert und wo sie verbessert werden muss.<\/p>\n<p>Marketing: Unsere Website zeigt Werbung an. Diese Cookies werden verwendet, um die Werbung, die wir Ihnen zeigen, so zu personalisieren, dass sie f\u00fcr Sie aussagekr\u00e4ftig ist. Diese Cookies helfen uns auch dabei, die Effizienz dieser Werbekampagnen zu verfolgen.<br \/>\nDie in diesen Cookies gespeicherten Informationen k\u00f6nnen auch von den Drittanbietern von Anzeigen verwendet werden, um Ihnen auch Anzeigen auf anderen Websites im Browser anzuzeigen.<\/p>\n<p>Funktional: Dies sind die Cookies, die bestimmte nicht wesentliche Funktionalit\u00e4ten auf unserer Website unterst\u00fctzen. Zu diesen Funktionalit\u00e4ten geh\u00f6ren die Einbettung von Inhalten wie Videos oder die gemeinsame Nutzung von Inhalten auf der Website auf Social-Media-Plattformen.<\/p>\n<p>Pr\u00e4ferenzen: Diese Cookies helfen uns dabei, Ihre Einstellungen und Browsereinstellungen wie z.B. Sprachpr\u00e4ferenzen zu speichern, damit Sie bei zuk\u00fcnftigen Besuchen der Website ein besseres und effizienteres Erlebnis haben.<br \/>\n]<\/p>\n<p>Wie kann ich die Cookie-Pr\u00e4ferenzen steuern?<\/p>\n<p>Sollten Sie sich entscheiden, Ihre Pr\u00e4ferenzen sp\u00e4ter w\u00e4hrend Ihrer Browsing-Session zu \u00e4ndern, k\u00f6nnen Sie auf die Registerkarte &#8222;Datenschutz &amp; Cookie-Politik&#8220; auf Ihrem Bildschirm klicken. Dadurch wird die Einverst\u00e4ndniserkl\u00e4rung erneut angezeigt, so dass Sie Ihre Pr\u00e4ferenzen \u00e4ndern oder Ihre Zustimmung vollst\u00e4ndig zur\u00fcckziehen k\u00f6nnen.\u00a0Dar\u00fcber hinaus bieten verschiedene Browser unterschiedliche Methoden zum Blockieren und L\u00f6schen von Cookies, die von Websites verwendet werden. Sie k\u00f6nnen die Einstellungen Ihres Browsers \u00e4ndern, um die Cookies zu blockieren\/l\u00f6schen. Um mehr dar\u00fcber zu erfahren, wie man Cookies verwaltet und l\u00f6scht, besuchen Sie wikipedia.org, www.allaboutcookies.org.<\/p>\n","protected":false},"excerpt":{"rendered":"<p>Cookie Richtlinie Diese Cookie-Richtlinie erkl\u00e4rt, was Cookies sind und wie wir sie verwenden. Sie sollten diese Richtlinie lesen, um zu verstehen, was Cookies sind, wie wir sie verwenden, welche Arten von Cookies wir verwenden, d.h. welche Informationen wir mit Hilfe von Cookies sammeln und wie diese Informationen verwendet werden und wie die Cookie-Pr\u00e4ferenzen gesteuert werden &hellip; <\/p>\n<p class=\"link-more\"><a href=\"https:\/\/storycare.de\/?page_id=103\" class=\"more-link\"><span class=\"screen-reader-text\">\u201eCookie Policy\u201c <\/span>weiterlesen<\/a><\/p>\n","protected":false},"author":1,"featured_media":0,"parent":0,"menu_order":0,"comment_status":"closed","ping_status":"closed","template":"","meta":{"footnotes":""},"class_list":["post-103","page","type-page","status-publish","hentry"],"_links":{"self":[{"href":"https:\/\/storycare.de\/index.php?rest_route=\/wp\/v2\/pages\/103","targetHints":{"allow":["GET"]}}],"collection":[{"href":"https:\/\/storycare.de\/index.php?rest_route=\/wp\/v2\/pages"}],"about":[{"href":"https:\/\/storycare.de\/index.php?rest_route=\/wp\/v2\/types\/page"}],"author":[{"embeddable":true,"href":"https:\/\/storycare.de\/index.php?rest_route=\/wp\/v2\/users\/1"}],"replies":[{"embeddable":true,"href":"https:\/\/storycare.de\/index.php?rest_route=%2Fwp%2Fv2%2Fcomments&post=103"}],"version-history":[{"count":1,"href":"https:\/\/storycare.de\/index.php?rest_route=\/wp\/v2\/pages\/103\/revisions"}],"predecessor-version":[{"id":104,"href":"https:\/\/storycare.de\/index.php?rest_route=\/wp\/v2\/pages\/103\/revisions\/104"}],"wp:attachment":[{"href":"https:\/\/storycare.de\/index.php?rest_route=%2Fwp%2Fv2%2Fmedia&parent=103"}],"curies":[{"name":"wp","href":"https:\/\/api.w.org\/{rel}","templated":true}]}}